{"id":24,"date":"2024-06-06T23:28:59","date_gmt":"2024-06-06T21:28:59","guid":{"rendered":"https:\/\/2024.konferencevenkov.cz\/?page_id=24"},"modified":"2024-06-09T19:29:25","modified_gmt":"2024-06-09T17:29:25","slug":"mesto-melnik","status":"publish","type":"page","link":"https:\/\/2024.konferencevenkov.cz\/index.php\/mesto-melnik\/","title":{"rendered":"M\u011bsto M\u011bln\u00edk"},"content":{"rendered":"\n<h2 class=\"wp-block-heading\">Z\u00e1kladn\u00ed informace o m\u011bst\u011b a okol\u00ed<\/h2>\n\n\n\n<p>M\u011bln\u00edk je m\u011bsto&nbsp;a&nbsp;obec s roz\u0161\u00ed\u0159enou p\u016fsobnost\u00ed&nbsp;v&nbsp;okrese M\u011bln\u00edk&nbsp;ve&nbsp;St\u0159edo\u010desk\u00e9m kraji&nbsp;30 km na sever od&nbsp;Prahy. Le\u017e\u00ed na prav\u00e9m b\u0159ehu&nbsp;Labe&nbsp;u soutoku s&nbsp;Vltavou, historick\u00e9 centrum se rozkl\u00e1d\u00e1 na opukov\u00e9 vyv\u00fd\u0161enin\u011b obt\u00e9kan\u00e9 ze severov\u00fdchodu potokem&nbsp;P\u0161ovkou. M\u011bsto m\u00e1 p\u0159ibli\u017en\u011b 20 tis\u00edc obyvatel.<\/p>\n\n\n\n<p>Toto starobyl\u00e9 kr\u00e1lovsk\u00e9 v\u011bnn\u00e9 m\u011bsto&nbsp;se jako centrum zem\u011bd\u011blsk\u00e9ho kraje proslavilo p\u0159edev\u0161\u00edm p\u011bstov\u00e1n\u00edm vinn\u00e9 r\u00e9vy a ka\u017edoro\u010dn\u011b po\u0159\u00e1danou slavnost\u00ed vinobran\u00ed.<\/p>\n\n\n\n<p>P\u016fsobivou a zdaleka viditelnou dominantou m\u011bsta je z\u00e1mek a v\u011b\u017e chr\u00e1mu sv. Petra a Pavla.<\/p>\n\n\n\n<p>N\u00e1v\u0161t\u011bvn\u00edky M\u011bln\u00edka p\u0159itahuje pohled ze z\u00e1meck\u00e9 vyhl\u00eddky, odkud je vid\u011bt soutok Labe a Vltavy, pam\u00e1tn\u00e1 hora \u0158\u00edp a \u010cesk\u00e9 st\u0159edoho\u0159\u00ed.<\/p>\n\n\n\n<p>M\u011bsto nab\u00edz\u00ed krom\u011b historick\u00fdch pam\u00e1tek \u0161irok\u00e9 mo\u017enosti kulturn\u00edho a sportovn\u00edho vy\u017eit\u00ed.<\/p>\n\n\n\n<p>K velmi vyhled\u00e1van\u00fdm oblastem M\u011blnicka pat\u0159\u00ed romantick\u00e9 Koko\u0159\u00ednsko \u2013 n\u00e1dhern\u00e1 p\u0159\u00edroda, p\u00edskovcov\u00e9 sk\u00e1ly a gotick\u00fd hrad ze 14. stolet\u00ed.<\/p>\n\n\n\n<hr class=\"wp-block-separator has-alpha-channel-opacity\"\/>\n\n\n\n<h2 class=\"wp-block-heading\">Z\u00e1mek M\u011bln\u00edk<\/h2>\n\n\n\n<p>V Z\u00e1mku M\u011bln\u00edk, pob\u00fdvalo 23 \u010desk\u00fdch kn\u011b\u017een a kr\u00e1loven, jen\u017e je prastar\u00e9ho \u0161lechtick\u00e9ho rodu Kn\u00ed\u017eat z Lobkowicz. P\u016fvodn\u00ed kr\u00e1lovsk\u00fd z\u00e1mek jm\u00e9nem P\u0161ov byl postaven na vinohradu nad soutokem Vltavy a Labe, s v\u00fdhledem na posv\u00e1tnou horu \u0158\u00edp, a je tedy po v\u00edce ne\u017e deset stalet\u00ed jedn\u00edm z nejd\u016fle\u017eit\u011bj\u0161\u00edch historick\u00fdch symbol\u016f \u010cech.<\/p>\n\n\n\n<p>Dle Kosmovy Kroniky \u010desk\u00e9 provdal posledn\u00ed kn\u00ed\u017ee P\u0161ovan\u016f Slavibor svou dceru&nbsp;<strong>Ludmilu<\/strong>&nbsp;za \u010desk\u00e9ho kn\u00ed\u017eete Bo\u0159ivoje. Dle legend zde pak kn\u011b\u017ena&nbsp;<strong>Ludmila<\/strong>&nbsp;\u010dasto pob\u00fdvala a vychov\u00e1vala i sv\u00e9ho vnuka&nbsp;<strong>V\u00e1clava<\/strong>, kter\u00fd tu p\u011bstoval vinnou r\u00e9vu. O svat\u00e9m V\u00e1clavu vypr\u00e1v\u011bj\u00ed lunety od \u010desk\u00e9ho mal\u00ed\u0159e&nbsp;<strong>Karla \u0160kr\u00e9ty<\/strong>&nbsp;v I. i II. pat\u0159e z\u00e1mku.<\/p>\n\n\n\n<p><strong>Karel IV.<\/strong>&nbsp;vyhl\u00e1sil M\u011bln\u00edk za kr\u00e1lovsk\u00e9 v\u011bnn\u00e9 m\u011bsto s \u0159adou l\u00e9n a zaslou\u017eil se tak\u00e9 o rozvoj vina\u0159stv\u00ed na M\u011blnicku, kdy\u017e dovezl vinnou r\u00e9vu z Burgundska. Posledn\u00ed Karlova man\u017eelka, Eli\u0161ka Pomo\u0159ansk\u00e1, s\u00eddlila na M\u011bln\u00edce a\u017e do sv\u00e9 smrti roku 1393.<\/p>\n\n\n\n<p>Posledn\u00ed \u010dern\u00ednsk\u00e1 d\u011bdi\u010dka panstv\u00ed, Marie Ludmila, se roku 1753 provdala za&nbsp;<strong>Augusta Anton\u00edna Josefa (Eusebia) Lobkowicze<\/strong>. Od t\u00e9 doby vlastnila M\u011blnick\u00e1 v\u011btev rodiny&nbsp;<strong>Lobkowicz\u016f<\/strong>&nbsp;z\u00e1mek a\u017e do roku 1948 a v roce 1992 j\u00ed byl op\u011bt navr\u00e1cen.<\/p>\n\n\n\n<p>Na z\u00e1mku byly koncem 19. stolet\u00ed instalov\u00e1ny vz\u00e1cn\u00e9 obrazy a mobili\u00e1\u0159 z lobkowiczk\u00fdch sb\u00edrek a bylo v n\u011bm zalo\u017eeno vina\u0159sk\u00e9 muzeum.<\/p>\n\n\n\n<hr class=\"wp-block-separator has-alpha-channel-opacity\"\/>\n\n\n\n<h2 class=\"wp-block-heading\">Historie m\u011bsta M\u011bln\u00edk<\/h2>\n\n\n\n<p>M\u011bln\u00edk je p\u016fvodn\u011b slovansk\u00e9 pojmenov\u00e1n\u00ed kopce z m\u011bln\u00edc\u00edch se hornin k\u0159\u00eddov\u00e9ho \u00fatvaru. Prvn\u00ed zm\u00ednky o t\u00e9to oblasti poch\u00e1zej\u00ed z 9.stolet\u00ed, kdy se zdej\u0161\u00ed kmen P\u0161ovan\u016f p\u0159ipojil k \u010desk\u00e9mu kn\u00ed\u017eectv\u00ed rodu P\u0159emyslova s\u0148atkem Bo\u0159ivoje s Ludmilou, dcerou posledn\u00edho p\u0161ovsk\u00e9ho kn\u00ed\u017eete Slavibora. Star\u00fd d\u0159ev\u011bn\u00fd P\u0161ov nahradil koncem 10.stolet\u00ed nov\u00fd kamenn\u00fd hrad M\u011bln\u00edk. Man\u017eelka Boleslava II. Emma zde razila den\u00e1rky s n\u00e1pisem&nbsp;<strong>Emma regina &#8211; civitas Melnic<\/strong>. V tomto obdob\u00ed se za\u010dala na M\u011bln\u00edku p\u011bstovat vinn\u00e1 r\u00e9va.<\/p>\n\n\n\n<p>Od roku 1000 se na M\u011bln\u00edku tradoval zvyk d\u00e1vat hrad kn\u011b\u017en\u00e1m a kr\u00e1lovn\u00e1m v\u011bnem. Ten se pozd\u011bji roz\u0161\u00ed\u0159il i na m\u011bsto vznikl\u00e9 pod hradem (kr\u00e1lovsk\u00e9 v\u011bnn\u00e9 m\u011bsto).<\/p>\n\n\n\n<p>M\u011bsto M\u011bln\u00edk vzniklo ve 13. stolet\u00ed z podhrad\u00ed a pozd\u011bji trhov\u00e9 osady. Zakl\u00e1dac\u00ed listinu m\u011bsto nem\u00e1. A tak prvn\u00ed zpr\u00e1va, podle n\u00ed\u017e se M\u011bln\u00edk pova\u017eoval za m\u011bsto, se objevila a\u017e v listin\u011b P\u0159emysla Otakara II. z 25.listopadu 1274, kterou byl M\u011blnick\u00fdm darov\u00e1n k dobudov\u00e1n\u00ed obce pod\u00edl na v\u00fdnosu labsk\u00e9ho obchodu. M\u011bln\u00edk prohl\u00e1sil natrvalo za kr\u00e1lovsk\u00e9 v\u011bnn\u00e9 m\u011bsto a\u017e Karel IV. Ten sem dal p\u0159iv\u00e9zt z&nbsp;<strong>Burgundska<\/strong>&nbsp;a ze Champagne&nbsp;<strong>vinnou r\u00e9vu<\/strong>&nbsp;a zvelebil tak m\u011blnick\u00e9 vina\u0159stv\u00ed.<\/p>\n\n\n\n<p>V dob\u011b husitsk\u00fdch v\u00e1lek z\u016fst\u00e1vali M\u011blni\u010dan\u00e9 ve spolku s Pra\u017eany. Za vl\u00e1dy Ji\u0159\u00edho z Pod\u011bbrad m\u011bsto hospod\u00e1\u0159sky prosperovalo. Od konce 15.stolet\u00ed v\u0161ak stagnovalo a pozd\u011bji upadalo. Situace se zhor\u0161ila zejm\u00e9na po potla\u010den\u00e9m protihabsbursk\u00e9m odboji \u010desk\u00fdch m\u011bst a \u010d\u00e1sti \u0161lechty roku 1547.<strong>C\u00edsa\u0159 Ferdinand I.<\/strong>&nbsp;zabavil m\u011bstu v\u0161echen majetek, postihl ho citelnou finan\u010dn\u00ed pokutou, zru\u0161il cechy, dosadil do m\u011bsta c\u00edsa\u0159sk\u00e9ho rycht\u00e1\u0159e\u2026.<\/p>\n\n\n\n<p>Obdob\u00ed od husitsk\u00fdch v\u00e1lek do t\u0159icetilet\u00e9 v\u00e1lky se stalo zlat\u00fdm v\u011bkem pro m\u011blnick\u00e9 vina\u0159e. Roz\u0161i\u0159ovaly se vinice, bohat\u00ed m\u011b\u0161\u0165an\u00e9 financovali stavbu kostelu sv. Ludmily a na Chloumku kostel nejsv\u011bt\u011bj\u0161\u00ed Trojice.<\/p>\n\n\n\n<p><strong>T\u0159icetilet\u00e1 v\u00e1lka&nbsp;velmi t\u011b\u017ece zas\u00e1hla i M\u011bln\u00edk. \u010cast\u00e9 pobyty vojsk, \u0161v\u00e9dsk\u00e1 okupace, drancov\u00e1n\u00ed, po\u017e\u00e1ry, mor\u2026. Odchodem mnoha \u0159emesln\u00edk\u016f a vina\u0159\u016f do emigrace se m\u011bsto t\u00e9m\u011b\u0159 vylidnilo. V&nbsp;17. a&nbsp;18.stolet\u00ed M\u011bln\u00edk ni\u010dily po\u017e\u00e1ry, morov\u00e9 epidemie, selsk\u00e1 povst\u00e1n\u00ed a \u0159ada ne\u00farodn\u00fdch le&nbsp;t.<\/strong><\/p>\n\n\n\n<p>Od konce 18.stolet\u00ed se M\u011bln\u00edk stal sou\u010d\u00e1st\u00ed zem\u011bd\u011blsk\u00e9ho z\u00e1zem\u00ed pro pra\u017eskou aglomeraci a tak\u00e9 pr\u016fchoz\u00ed stanic\u00ed d\u00e1lkov\u00e9ho obchodu a exportu. Jen m\u00e1lo se ho dotkla pr\u016fmyslov\u00e1 revoluce. N\u011bkdej\u0161\u00ed kr\u00e1lovsk\u00e9 v\u011bnn\u00e9 m\u011bsto se zm\u011bnilo na t\u00e9m\u011b\u0159 provinci\u00e1ln\u00ed m\u011bste\u010dko. Tov\u00e1rny zde vznikaly jen v souvislosti s v\u00fdvojem zem\u011bd\u011blstv\u00ed. Typick\u00e9 byly trhy, jarmarky, \u017eivnosti, \u0159emesla a tradi\u010dn\u00ed vina\u0159en\u00ed. Od roku&nbsp;<strong>1850<\/strong>&nbsp;se m\u011bsto stalo s\u00eddlem&nbsp;<strong>okresn\u00edch \u00fa\u0159ad\u016f<\/strong>. Po p\u00e1du Bachova absolutismu se rozv\u00edjela aktivita r\u016fzn\u00fdch kulturn\u00edch a spole\u010densk\u00fdch organizac\u00ed. Spolek hasi\u010d\u016f, Sokol, Klub vesla\u0159\u016f m\u011blnick\u00fdch, Klub \u010desk\u00fdch turist\u016f, Klub velocipedist\u016f, Zp\u011bv\u00e1ck\u00fd spolek.&nbsp;&nbsp;V t\u00e9to dob\u011b za\u010dal vych\u00e1zet prvn\u00ed m\u00edstn\u00ed t\u00fdden\u00edk.<\/p>\n\n\n\n<p>V\u00fdhodn\u00e1 poloha M\u011bln\u00edka p\u0159inesla s sebou rozvoj na poli komunikac\u00ed \u2013 prvn\u00ed&nbsp;<strong>parn\u00edk<\/strong>&nbsp;pod m\u011bstem (1845),&nbsp;<strong>\u017eeleznice<\/strong>&nbsp;(1874),&nbsp;<strong>most p\u0159es Labe<\/strong>&nbsp;(1888), p\u0159\u00edstavn\u00ed p\u0159ekladi\u0161t\u011b (1897), vltavsk\u00fd kan\u00e1l (1902\u20131905). Od roku&nbsp;<strong>1894<\/strong>&nbsp;se ve m\u011bst\u011b pou\u017e\u00edval&nbsp;<strong>telefon a telegraf<\/strong>. Nov\u00fd zp\u016fsob podnik\u00e1n\u00ed si vynutil i vznik pen\u011b\u017en\u00edch \u00fastav\u016f \u2013 Ob\u010dansk\u00e9 z\u00e1lo\u017eny, spo\u0159itelny, Hospod\u00e1\u0159sk\u00e9 z\u00e1lo\u017eny.<\/p>\n\n\n\n<p>Ve druh\u00e9 polovin\u011b 19.stolet\u00ed na M\u011bln\u00edku st\u00e1le vedlo zem\u011bd\u011blstv\u00ed \u2013 p\u011bstovala se p\u0161enice, sladovnick\u00fd je\u010dmen, zelenina, ovoce, vinn\u00e1 r\u00e9va. Se zem\u011bd\u011blsk\u00fdmi v\u00fdrobky se \u010dile obchodovalo. Ve m\u011bst\u011b byl roku&nbsp;<strong>1868<\/strong>&nbsp;postaven&nbsp;<strong>cukrovar<\/strong>.<\/p>\n\n\n\n<p>Koncem stolet\u00ed vznikla na M\u011bln\u00edku \u0159ada odborn\u00fdch \u0161kol &#8211; nap\u0159. v roce 1881 speci\u00e1ln\u00ed vina\u0159sk\u00e1 \u0161kola (prvn\u00ed tohoto druhu v \u010cech\u00e1ch), v roce 1897 ko\u0161\u00edk\u00e1\u0159sk\u00e1 \u0161kola, v roce&nbsp;<strong>1910 gymn\u00e1zium<\/strong>. V\u00fdvoj oblasti zastavila prvn\u00ed sv\u011btov\u00e1 v\u00e1lka.<\/p>\n\n\n\n<p>&nbsp;V letech prvn\u00ed republiky (1918\u20131938) se ve m\u011bst\u011b hodn\u011b stav\u011blo \u2013 budovy okresn\u00edho \u00fa\u0159adu, kulturn\u00edho domu, po\u0161ty. V roce 1928 byla dokon\u010dena stavba velk\u00e9ho obchodn\u00edho p\u0159\u00edstavu na Labi, budovaly se komunikace, kanalizace, prov\u00e1d\u011bla se elektrifikace. V letech 1911,&nbsp;1922 a&nbsp;1933 se poprv\u00e9 uskute\u010dnily slavnosti&nbsp;<strong>vinobran\u00ed<\/strong>. Od roku&nbsp;<strong>1933<\/strong>&nbsp;se stala ze slavnosti tradice, kter\u00e1 se dodr\u017euje dodnes, i kdy\u017e v pon\u011bkud jin\u00e9 podob\u011b.<\/p>\n\n\n\n<p>V roce 1938, po z\u00e1boru pohrani\u010d\u00ed, se severn\u00ed \u010d\u00e1st m\u011blnick\u00e9ho okresu dostala do bezprost\u0159edn\u00edho sousedstv\u00ed &#8222;\u0159\u00ed\u0161e&#8220;.<\/p>\n\n\n\n<p>Konec druh\u00e9 sv\u011btov\u00e9 v\u00e1lky na M\u011bln\u00edku oslavili obyvatel\u00e9 m\u011bsta 13.5.1945 spole\u010dn\u011b s voj\u00e1ky sov\u011btsk\u00e9 a polsk\u00e9 arm\u00e1dy a s partyz\u00e1ny.<\/p>\n\n\n\n<p>V n\u00e1sleduj\u00edc\u00edm obdob\u00ed se rozrostl na M\u011bln\u00edku pr\u016fmysl, infrastruktura i po\u010det obyvatel z 12 na&nbsp;<strong>20 000 obyvatel<\/strong>. Nov\u00fdm fenom\u00e9nem se stal vznik a rozvoj hromadn\u00fdch s\u00eddli\u0161\u0165. V p\u00e9\u010di o pam\u00e1tkov\u00e9 a um\u011bleckohistorick\u00e9 d\u011bdictv\u00ed lze zaznamenat nespornou aktivitu, nelze v\u0161ak nevid\u011bt jednotliv\u00e9, nicm\u00e9n\u011b nenahraditeln\u00e9 ztr\u00e1ty. Rozvoj v\u00fdroby v krajin\u011b a ve m\u011bst\u011b m\u011bl t\u00e9\u017e sv\u016fj rub ve zhor\u0161en\u00ed \u017eivotn\u00edho prost\u0159ed\u00ed. Z\u00e1rove\u0148 je v\u0161ak z\u0159ejm\u00e9, \u017ee k pln\u011bj\u0161\u00edmu pohledu na posledn\u00ed pades\u00e1tilet\u00ed historie m\u011bsta je pot\u0159ebn\u00fd ur\u010dit\u00fd \u010dasov\u00fd odstup.<\/p>\n\n\n\n<hr class=\"wp-block-separator has-alpha-channel-opacity\"\/>\n\n\n\n<h2 class=\"wp-block-heading has-text-align-center\">Poznejte s n\u00e1mi M\u011bln\u00edk a oblast M\u011blnicko-Koko\u0159\u00ednsko<\/h2>\n\n\n\n<h3 class=\"wp-block-heading has-text-align-center\">M\u011bsto M\u011bln\u00edk<\/h3>\n\n\n\n<div id=\"wp-block-themeisle-blocks-button-group-b877a6ef\" class=\"wp-block-themeisle-blocks-button-group wp-block-buttons align-center-desktop\">\n<div id=\"wp-block-themeisle-blocks-button-03010233\" class=\"wp-block-themeisle-blocks-button wp-block-button\"><a href=\"http:\/\/www.melnik.info\/\" target=\"_self\" rel=\"noopener noreferrer\" class=\"wp-block-button__link\"><span>Turistick\u00fd port\u00e1l<\/span><\/a><\/div>\n\n\n\n<div id=\"wp-block-themeisle-blocks-button-13523d59\" class=\"wp-block-themeisle-blocks-button wp-block-button\"><a href=\"http:\/\/www.melnik.cz\/ap\" target=\"_self\" rel=\"noopener noreferrer\" class=\"wp-block-button__link\"><span>Kalend\u00e1\u0159 akc\u00ed<\/span><\/a><\/div>\n\n\n\n<div id=\"wp-block-themeisle-blocks-button-d8c4c805\" class=\"wp-block-themeisle-blocks-button wp-block-button\"><a href=\"https:\/\/www.melnik.cz\/mesto%2Dvina\/ds-1024\/p1=1042\" target=\"_self\" rel=\"noopener noreferrer\" class=\"wp-block-button__link\"><span>M\u011bsto v\u00edna<\/span><\/a><\/div>\n\n\n\n<div id=\"wp-block-themeisle-blocks-button-b284a206\" class=\"wp-block-themeisle-blocks-button wp-block-button\"><a href=\"https:\/\/www.melnik.cz\/turisticke%2Dinfocentrum\/ds-1025\/p1=1043\" target=\"_self\" rel=\"noopener noreferrer\" class=\"wp-block-button__link\"><span>Turistick\u00e9 infocentrum<\/span><\/a><\/div>\n<\/div>\n\n\n\n<div id=\"wp-block-themeisle-blocks-button-group-4d44c7da\" class=\"wp-block-themeisle-blocks-button-group wp-block-buttons align-center-desktop\">\n<div id=\"wp-block-themeisle-blocks-button-338f0724\" class=\"wp-block-themeisle-blocks-button wp-block-button\"><a href=\"http:\/\/netmap2.planstudio.cz\/melnicko\/\" target=\"_self\" rel=\"noopener noreferrer\" class=\"wp-block-button__link\"><span>Mapa<\/span><\/a><\/div>\n\n\n\n<div id=\"wp-block-themeisle-blocks-button-1ceba3c7\" class=\"wp-block-themeisle-blocks-button wp-block-button\"><a href=\"https:\/\/www.melnik.cz\/pruvodce%2Dmestem\/ds-1028\/p1=1047\" target=\"_self\" rel=\"noopener noreferrer\" class=\"wp-block-button__link\"><span>Pr\u016fvodce m\u011bstem<\/span><\/a><\/div>\n\n\n\n<div id=\"wp-block-themeisle-blocks-button-882ad6f9\" class=\"wp-block-themeisle-blocks-button wp-block-button\"><a href=\"https:\/\/www.melnik.cz\/tipy%2Dna%2Dvylet\/ds-1029\/p1=1048\" target=\"_self\" rel=\"noopener noreferrer\" class=\"wp-block-button__link\"><span>Tipy na v\u00fdlety<\/span><\/a><\/div>\n\n\n\n<div id=\"wp-block-themeisle-blocks-button-57412f67\" class=\"wp-block-themeisle-blocks-button wp-block-button\"><a href=\"http:\/\/www.istudio.cz\/fotopanorama\/melnik\/\" target=\"_self\" rel=\"noopener noreferrer\" class=\"wp-block-button__link\"><span>Virtu\u00e1ln\u00ed proch\u00e1zka m\u011bstem<\/span><\/a><\/div>\n<\/div>\n\n\n\n<h3 class=\"wp-block-heading has-text-align-center\">M\u011blnicko-Koko\u0159\u00ednsko<\/h3>\n\n\n\n<div id=\"wp-block-themeisle-blocks-button-group-9e5d64cd\" class=\"wp-block-themeisle-blocks-button-group wp-block-buttons align-center-desktop\">\n<div id=\"wp-block-themeisle-blocks-button-47c971ee\" class=\"wp-block-themeisle-blocks-button wp-block-button\"><a href=\"https:\/\/www.melnicko-kokorinsko.cz\/top-ten\" target=\"_self\" rel=\"noopener noreferrer\" class=\"wp-block-button__link\"><span>Tipy na v\u00fdlety<\/span><\/a><\/div>\n\n\n\n<div id=\"wp-block-themeisle-blocks-button-f1a96512\" class=\"wp-block-themeisle-blocks-button wp-block-button\"><a href=\"http:\/\/www.melnik.cz\/ap\" target=\"_self\" rel=\"noopener noreferrer\" class=\"wp-block-button__link\"><span>Kalend\u00e1\u0159 akc\u00ed<\/span><\/a><\/div>\n\n\n\n<div id=\"wp-block-themeisle-blocks-button-9b7a296f\" class=\"wp-block-themeisle-blocks-button wp-block-button\"><a href=\"https:\/\/www.melnicko-kokorinsko.cz\/\" target=\"_self\" rel=\"noopener noreferrer\" class=\"wp-block-button__link\"><span>Kalend\u00e1\u0159 akc\u00ed<\/span><\/a><\/div>\n\n\n\n<div id=\"wp-block-themeisle-blocks-button-21ba870b\" class=\"wp-block-themeisle-blocks-button wp-block-button\"><a href=\"https:\/\/www.facebook.com\/profile.php?id=100063706227173\" target=\"_self\" rel=\"noopener noreferrer\" class=\"wp-block-button__link\"><span>Facebookov\u00e1 str\u00e1nka turistick\u00e9 oblasti<\/span><\/a><\/div>\n<\/div>\n\n\n\n<hr class=\"wp-block-separator has-alpha-channel-opacity\"\/>\n\n\n\n<div id=\"wp-block-themeisle-blocks-flip-79c92486\" class=\"wp-block-themeisle-blocks-flip anim flipY has-light-front-bg has-light-back-bg\"><div class=\"o-flip-inner\"><div class=\"o-flip-front\"><div class=\"o-flip-content\"><h3>V\u00fdstavy a prezentace<\/h3><p><\/p><\/div><\/div><div class=\"o-flip-back\">\n<h3 class=\"wp-block-heading\"><\/h3>\n\n\n\n<p>V r\u00e1mci konference prob\u011bhne na n\u00e1dvo\u0159\u00ed Z\u00e1mku M\u011bln\u00edk prezentace poster\u016f &#8222;M\u00e1 vlast cestami prom\u011bn&#8220;, v\u00fdstava vybran\u00fdch prac\u00ed \u017e\u00e1k\u016f Z\u00e1kladn\u00edch \u0161kol ze sout\u011b\u017ee \u201eNamaluj si venkov\u201c. V dal\u0161\u00edch prostor\u00e1ch Z\u00e1mku bude prezentace poster\u016f Spolku pro obnovu venkova \u010cR prezentuj\u00edc\u00ed 30letou \u010dinnost pro venkov, i pro prezentaci o CSV a PRV projektech.<\/p>\n\n\n\n<p>Kulturn\u00ed ve\u010der \u2013 p\u0159edstav\u00ed se soubory ze St\u0159edo\u010desk\u00e9ho kraje, folkl\u00f3rn\u00ed a hudebn\u00ed t\u011blesa \u2013 Folklorn\u00ed soubor Jaro\u0161\u00e1ci a Jaro\u0161\u00e1\u010dci.&nbsp;<\/p>\n\n\n\n<div class=\"wp-block-buttons is-content-justification-center is-layout-flex wp-container-core-buttons-is-layout-a89b3969 wp-block-buttons-is-layout-flex\"><\/div>\n<\/div><\/div><\/div>\n","protected":false},"excerpt":{"rendered":"<p>Z\u00e1kladn\u00ed informace o m\u011bst\u011b a okol\u00ed M\u011bln\u00edk je m\u011bsto&nbsp;a&nbsp;obec s roz\u0161\u00ed\u0159enou p\u016fsobnost\u00ed&nbsp;v&nbsp;okrese M\u011bln\u00edk&nbsp;ve&nbsp;St\u0159edo\u010desk\u00e9m kraji&nbsp;30 km na sever od&nbsp;Prahy. Le\u017e\u00ed na prav\u00e9m b\u0159ehu&nbsp;Labe&nbsp;u soutoku s&nbsp;Vltavou, historick\u00e9 centrum se rozkl\u00e1d\u00e1 na opukov\u00e9 vyv\u00fd\u0161enin\u011b obt\u00e9kan\u00e9 ze severov\u00fdchodu potokem&nbsp;P\u0161ovkou. M\u011bsto m\u00e1 p\u0159ibli\u017en\u011b 20 tis\u00edc obyvatel. Toto starobyl\u00e9 kr\u00e1lovsk\u00e9 v\u011bnn\u00e9 m\u011bsto&nbsp;se jako centrum zem\u011bd\u011blsk\u00e9ho kraje proslavilo p\u0159edev\u0161\u00edm p\u011bstov\u00e1n\u00edm vinn\u00e9 r\u00e9vy [&hellip;]<\/p>\n","protected":false},"author":1,"featured_media":0,"parent":0,"menu_order":0,"comment_status":"closed","ping_status":"closed","template":"","meta":{"_themeisle_gutenberg_block_has_review":false,"footnotes":""},"class_list":["post-24","page","type-page","status-publish","hentry"],"_links":{"self":[{"href":"https:\/\/2024.konferencevenkov.cz\/index.php\/wp-json\/wp\/v2\/pages\/24","targetHints":{"allow":["GET"]}}],"collection":[{"href":"https:\/\/2024.konferencevenkov.cz\/index.php\/wp-json\/wp\/v2\/pages"}],"about":[{"href":"https:\/\/2024.konferencevenkov.cz\/index.php\/wp-json\/wp\/v2\/types\/page"}],"author":[{"embeddable":true,"href":"https:\/\/2024.konferencevenkov.cz\/index.php\/wp-json\/wp\/v2\/users\/1"}],"replies":[{"embeddable":true,"href":"https:\/\/2024.konferencevenkov.cz\/index.php\/wp-json\/wp\/v2\/comments?post=24"}],"version-history":[{"count":21,"href":"https:\/\/2024.konferencevenkov.cz\/index.php\/wp-json\/wp\/v2\/pages\/24\/revisions"}],"predecessor-version":[{"id":291,"href":"https:\/\/2024.konferencevenkov.cz\/index.php\/wp-json\/wp\/v2\/pages\/24\/revisions\/291"}],"wp:attachment":[{"href":"https:\/\/2024.konferencevenkov.cz\/index.php\/wp-json\/wp\/v2\/media?parent=24"}],"curies":[{"name":"wp","href":"https:\/\/api.w.org\/{rel}","templated":true}]}}