{"id":282,"date":"2024-06-09T09:37:28","date_gmt":"2024-06-09T07:37:28","guid":{"rendered":"https:\/\/2024.konferencevenkov.cz\/?page_id=282"},"modified":"2024-11-17T21:00:00","modified_gmt":"2024-11-17T20:00:00","slug":"prezentace","status":"publish","type":"page","link":"https:\/\/2024.konferencevenkov.cz\/index.php\/prezentace\/","title":{"rendered":"Prezentace"},"content":{"rendered":"\n<div id=\"wp-block-themeisle-blocks-progress-bar-8dfe6290\" class=\"wp-block-themeisle-blocks-progress-bar\" data-percent=\"100\" data-duration=\"2\"><div class=\"wp-block-themeisle-blocks-progress-bar__area\"><div class=\"wp-block-themeisle-blocks-progress-bar__area__title\"><span>15.10.2024<\/span><\/div><div class=\"wp-block-themeisle-blocks-progress-bar__area__bar\"><\/div><div class=\"wp-block-themeisle-blocks-progress-bar__progress wp-block-themeisle-blocks-progress-bar__number\">100%<\/div><\/div><\/div>\n\n\n\n<div class=\"wp-block-file\"><a id=\"wp-block-file--media-4d21a0ee-3afe-4bab-bb3e-2fea279198ac\" href=\"https:\/\/2024.konferencevenkov.cz\/wp-content\/uploads\/2024\/10\/Aktuality-MMR_NM-RS-1.pdf\"><strong>Aktu\u00e1ln\u011b k rozvoji venkova z Ministerstva pro m\u00edstn\u00ed rozvoj<\/strong>, Ing. Radim Sr\u0161e\u0148, Ph.D., n\u00e1m\u011bstek ministra pro m\u00edstn\u00ed rozvoj \u010cR<\/a><a href=\"https:\/\/2024.konferencevenkov.cz\/wp-content\/uploads\/2024\/10\/Aktuality-MMR_NM-RS-1.pdf\" class=\"wp-block-file__button wp-element-button\" download aria-describedby=\"wp-block-file--media-4d21a0ee-3afe-4bab-bb3e-2fea279198ac\">St\u00e1hnout<\/a><\/div>\n\n\n\n<div id=\"wp-block-themeisle-blocks-progress-bar-488f51d2\" class=\"wp-block-themeisle-blocks-progress-bar\" data-percent=\"100\" data-duration=\"2\"><div class=\"wp-block-themeisle-blocks-progress-bar__area\"><div class=\"wp-block-themeisle-blocks-progress-bar__area__title\"><span>16.10.2024<\/span><\/div><div class=\"wp-block-themeisle-blocks-progress-bar__area__bar\"><\/div><div class=\"wp-block-themeisle-blocks-progress-bar__progress wp-block-themeisle-blocks-progress-bar__number\">100%<\/div><\/div><\/div>\n\n\n\n<div class=\"wp-block-file\"><a id=\"wp-block-file--media-e345a71a-7b6a-4b08-b3b5-84d70061e48e\" href=\"https:\/\/2024.konferencevenkov.cz\/wp-content\/uploads\/2024\/11\/Nove-trendy-spolecne-zemedelske-politiky-agrolesnictvi.pdf\"><strong>Nov\u00e9 trendy spole\u010dn\u00e9 zem\u011bd\u011blsk\u00e9 politiky &#8211; agrolesnictv\u00ed<\/strong>, Ing. Pavel Sek\u00e1\u010d, Ph.D., vrchn\u00ed \u0159editel Sekce pro fondy EU, zahrani\u010dn\u00ed z\u00e1le\u017eitosti a obchodn\u00ed spolupr\u00e1ci<\/a><a href=\"https:\/\/2024.konferencevenkov.cz\/wp-content\/uploads\/2024\/11\/Nove-trendy-spolecne-zemedelske-politiky-agrolesnictvi.pdf\" class=\"wp-block-file__button wp-element-button\" download aria-describedby=\"wp-block-file--media-e345a71a-7b6a-4b08-b3b5-84d70061e48e\">St\u00e1hnout<\/a><\/div>\n\n\n\n<div class=\"wp-block-file\"><a id=\"wp-block-file--media-d077f7d0-3596-43a6-9803-ad9ce60dc84b\" href=\"https:\/\/2024.konferencevenkov.cz\/wp-content\/uploads\/2024\/11\/Uplatneni-kratkych-dodavatelskych-retezcu.pdf\"><strong>Uplatn\u011bn\u00ed zem\u011bd\u011blsk\u00e9 produkce v r\u00e1mci kr\u00e1tk\u00fdch dodavatelsk\u00fdch \u0159et\u011bzc\u016f<\/strong>, doc. Ing.Jan Moudr\u00fd, Ph.D., odd. Ekologick\u00e9ho zem\u011bd\u011blstv\u00ed na\u00a0Fakult\u011b zem\u011bd\u011blsk\u00e9 a technologick\u00e9 \u2013 Katedra agroekosyst\u00e9m\u016f Jiho\u010desk\u00e9 univerzity \u010cesk\u00e9 Bud\u011bjovice<\/a><a href=\"https:\/\/2024.konferencevenkov.cz\/wp-content\/uploads\/2024\/11\/Uplatneni-kratkych-dodavatelskych-retezcu.pdf\" class=\"wp-block-file__button wp-element-button\" download aria-describedby=\"wp-block-file--media-d077f7d0-3596-43a6-9803-ad9ce60dc84b\">St\u00e1hnout<\/a><\/div>\n\n\n\n<div class=\"wp-block-file\"><a id=\"wp-block-file--media-7ae90669-b152-490b-b654-c6d631f10400\" href=\"https:\/\/2024.konferencevenkov.cz\/wp-content\/uploads\/2024\/11\/Perspektivy-zemedelstvi.pdf\"><strong>Um\u011bl\u00e1 inteligence jako budoucnost zem\u011bd\u011blstv\u00ed<\/strong>, doc. RNDr. Petr Barto\u0161, Ph.D., d\u011bkan\u00a0Zem\u011bd\u011blsk\u00e9 fakulty Jiho\u010desk\u00e9 univerzity \u010cesk\u00e9 Bud\u011bjovice<\/a><a href=\"https:\/\/2024.konferencevenkov.cz\/wp-content\/uploads\/2024\/11\/Perspektivy-zemedelstvi.pdf\" class=\"wp-block-file__button wp-element-button\" download aria-describedby=\"wp-block-file--media-7ae90669-b152-490b-b654-c6d631f10400\">St\u00e1hnout<\/a><\/div>\n\n\n\n<div class=\"wp-block-file\"><a id=\"wp-block-file--media-17931624-ef19-4e93-b869-5db1d79aa613\" href=\"https:\/\/2024.konferencevenkov.cz\/wp-content\/uploads\/2024\/11\/Konference_venkov_2024_MZP.pdf\"><strong>Koncep\u010dn\u00ed, legislativn\u00ed a ekonomick\u00e9 n\u00e1stroje ochrany krajiny<\/strong>, Ing. Linda Stuchl\u00edkov\u00e1, \u0159editelka Odboru\u00a0adaptace krajiny na zm\u011bnu klimatu\u00a0M\u017dP<\/a><a href=\"https:\/\/2024.konferencevenkov.cz\/wp-content\/uploads\/2024\/11\/Konference_venkov_2024_MZP.pdf\" class=\"wp-block-file__button wp-element-button\" download aria-describedby=\"wp-block-file--media-17931624-ef19-4e93-b869-5db1d79aa613\">St\u00e1hnout<\/a><\/div>\n\n\n\n<div class=\"wp-block-file\"><a id=\"wp-block-file--media-c1352257-0eaf-469a-a6b1-ba359936a045\" href=\"https:\/\/2024.konferencevenkov.cz\/wp-content\/uploads\/2024\/11\/Hlaveneck-tradice-2.pptx\"><strong>Podpora tradic venkova v\u00a0obci Hlavenec<\/strong>, Ing. Jarmila Smotlachov\u00e1, starostka obce<\/a><a href=\"https:\/\/2024.konferencevenkov.cz\/wp-content\/uploads\/2024\/11\/Hlaveneck-tradice-2.pptx\" class=\"wp-block-file__button wp-element-button\" download aria-describedby=\"wp-block-file--media-c1352257-0eaf-469a-a6b1-ba359936a045\">St\u00e1hnout<\/a><\/div>\n\n\n\n<div class=\"wp-block-file\"><a id=\"wp-block-file--media-fe30d986-5823-481b-80a5-76763fd01c33\" href=\"https:\/\/2024.konferencevenkov.cz\/wp-content\/uploads\/2024\/11\/Pozemkove-upravy-a-krajinny-plan-\u2013-cesta-ke-zdrave-krajine-Ing.-Zuzana-Skrivanova-Ph.D.pdf\"><strong>Pozemkov\u00e9 \u00fapravy a krajinn\u00fd pl\u00e1n \u2013 cesta ke zdrav\u00e9 krajin\u011b<\/strong>, Ing. Zuzana Sk\u0159ivanov\u00e1, Ph.D.<\/a><a href=\"https:\/\/2024.konferencevenkov.cz\/wp-content\/uploads\/2024\/11\/Pozemkove-upravy-a-krajinny-plan-\u2013-cesta-ke-zdrave-krajine-Ing.-Zuzana-Skrivanova-Ph.D.pdf\" class=\"wp-block-file__button wp-element-button\" download aria-describedby=\"wp-block-file--media-fe30d986-5823-481b-80a5-76763fd01c33\">St\u00e1hnout<\/a><\/div>\n\n\n\n<div class=\"wp-block-file\"><a id=\"wp-block-file--media-29975033-2a3d-4568-a739-40298551ca28\" href=\"https:\/\/2024.konferencevenkov.cz\/wp-content\/uploads\/2024\/11\/Kostelni-Lhota.pdf\"><strong>Touha po budoucnosti s ohledem na zachov\u00e1n\u00ed\u00a0tradic venkova<\/strong>, Tom\u00e1\u0161 Drobn\u00fd, starosta obce<\/a><a href=\"https:\/\/2024.konferencevenkov.cz\/wp-content\/uploads\/2024\/11\/Kostelni-Lhota.pdf\" class=\"wp-block-file__button wp-element-button\" download aria-describedby=\"wp-block-file--media-29975033-2a3d-4568-a739-40298551ca28\">St\u00e1hnout<\/a><\/div>\n\n\n\n<div id=\"wp-block-themeisle-blocks-progress-bar-5af44b74\" class=\"wp-block-themeisle-blocks-progress-bar\" data-percent=\"100\" data-duration=\"2\"><div class=\"wp-block-themeisle-blocks-progress-bar__area\"><div class=\"wp-block-themeisle-blocks-progress-bar__area__title\"><span>17.10.2024<\/span><\/div><div class=\"wp-block-themeisle-blocks-progress-bar__area__bar\"><\/div><div class=\"wp-block-themeisle-blocks-progress-bar__progress wp-block-themeisle-blocks-progress-bar__number\">100%<\/div><\/div><\/div>\n\n\n\n<div class=\"wp-block-file\"><a id=\"wp-block-file--media-25c81ee4-f698-4790-b975-e0455dcdb63e\" href=\"https:\/\/2024.konferencevenkov.cz\/wp-content\/uploads\/2024\/11\/Novinky-Strategickeho-planu-SZP-na-rok-2025-implementace-metody-LEADER.pdf\"><strong>Novinky Strategick\u00e9ho pl\u00e1nu SZP na rok 2025, implementace metody LEADER<\/strong>, Ing. Josefa Tabery,\u00a0\u0159editel Odboru \u0158\u00edd\u00edc\u00ed org\u00e1n rozvoje venkova<\/a><a href=\"https:\/\/2024.konferencevenkov.cz\/wp-content\/uploads\/2024\/11\/Novinky-Strategickeho-planu-SZP-na-rok-2025-implementace-metody-LEADER.pdf\" class=\"wp-block-file__button wp-element-button\" download aria-describedby=\"wp-block-file--media-25c81ee4-f698-4790-b975-e0455dcdb63e\">St\u00e1hnout<\/a><\/div>\n\n\n\n<div class=\"wp-block-file\"><a id=\"wp-block-file--media-2c5fb705-65eb-4a66-9c9d-9654171a389d\" href=\"https:\/\/2024.konferencevenkov.cz\/wp-content\/uploads\/2024\/11\/Tema1_exkurze.pdf\"><strong>Zachov\u00e1n\u00ed diverzity krajiny a vyu\u017eit\u00ed obnoviteln\u00fdch zdroj\u016f energie<\/strong>,\u00a0Mgr. Miroslav Prokop, krajsk\u00fd koordin\u00e1tor CSV<\/a><a href=\"https:\/\/2024.konferencevenkov.cz\/wp-content\/uploads\/2024\/11\/Tema1_exkurze.pdf\" class=\"wp-block-file__button wp-element-button\" download aria-describedby=\"wp-block-file--media-2c5fb705-65eb-4a66-9c9d-9654171a389d\">St\u00e1hnout<\/a><\/div>\n\n\n\n<p><\/p>\n","protected":false},"excerpt":{"rendered":"","protected":false},"author":1,"featured_media":0,"parent":0,"menu_order":0,"comment_status":"closed","ping_status":"closed","template":"","meta":{"_themeisle_gutenberg_block_has_review":false,"footnotes":""},"class_list":["post-282","page","type-page","status-publish","hentry"],"_links":{"self":[{"href":"https:\/\/2024.konferencevenkov.cz\/index.php\/wp-json\/wp\/v2\/pages\/282","targetHints":{"allow":["GET"]}}],"collection":[{"href":"https:\/\/2024.konferencevenkov.cz\/index.php\/wp-json\/wp\/v2\/pages"}],"about":[{"href":"https:\/\/2024.konferencevenkov.cz\/index.php\/wp-json\/wp\/v2\/types\/page"}],"author":[{"embeddable":true,"href":"https:\/\/2024.konferencevenkov.cz\/index.php\/wp-json\/wp\/v2\/users\/1"}],"replies":[{"embeddable":true,"href":"https:\/\/2024.konferencevenkov.cz\/index.php\/wp-json\/wp\/v2\/comments?post=282"}],"version-history":[{"count":11,"href":"https:\/\/2024.konferencevenkov.cz\/index.php\/wp-json\/wp\/v2\/pages\/282\/revisions"}],"predecessor-version":[{"id":406,"href":"https:\/\/2024.konferencevenkov.cz\/index.php\/wp-json\/wp\/v2\/pages\/282\/revisions\/406"}],"wp:attachment":[{"href":"https:\/\/2024.konferencevenkov.cz\/index.php\/wp-json\/wp\/v2\/media?parent=282"}],"curies":[{"name":"wp","href":"https:\/\/api.w.org\/{rel}","templated":true}]}}