{"id":40,"date":"2024-06-06T23:51:39","date_gmt":"2024-06-06T21:51:39","guid":{"rendered":"https:\/\/2024.konferencevenkov.cz\/?page_id=40"},"modified":"2024-10-02T07:13:27","modified_gmt":"2024-10-02T05:13:27","slug":"program-konference","status":"publish","type":"page","link":"https:\/\/2024.konferencevenkov.cz\/index.php\/program-konference\/","title":{"rendered":"Program konference"},"content":{"rendered":"\n<div id=\"wp-block-themeisle-blocks-flip-ab90d7a3\" class=\"wp-block-themeisle-blocks-flip anim flipY has-light-front-bg has-light-back-bg\"><div class=\"o-flip-inner\"><div class=\"o-flip-front\"><div class=\"o-flip-content\"><h3>0. den konference &#8211; 15.10.2024<\/h3><p><\/p><\/div><\/div><div class=\"o-flip-back\">\n<h3 class=\"wp-block-heading\"><\/h3>\n\n\n\n<p>Nult\u00fd den konference je ve znamen\u00ed registrace, jedn\u00e1n\u00ed partnersk\u00fd organizac\u00ed, oslavy 20 let \u010dlenstv\u00ed v EU a spole\u010densk\u00e9 akce &#8222;Ve\u010der venkova&#8220;.<\/p>\n\n\n\n<div class=\"wp-block-buttons is-content-justification-center is-layout-flex wp-container-core-buttons-is-layout-a89b3969 wp-block-buttons-is-layout-flex\"><\/div>\n<\/div><\/div><\/div>\n\n\n\n<div style=\"height:29px\" aria-hidden=\"true\" class=\"wp-block-spacer\"><\/div>\n\n\n\n<figure class=\"wp-block-table\"><table><tbody><tr><td><strong>Od 12:00 hod&nbsp;<\/strong><br>Registrace \u00fa\u010dastn\u00edk\u016f&nbsp;u vstupu z n\u00e1dvo\u0159\u00ed do Z\u00e1mku M\u011bln\u00edk<\/td><\/tr><tr><td><strong>15:00-18:00<\/strong><br>Jedn\u00e1n\u00ed \u00fazemn\u00edch partner\u016f<\/td><\/tr><tr><td><strong>14:00-15:00<\/strong><br>Sch\u016fze p\u0159edsednictva SPOV \u010cR (roz\u0161\u00ed\u0159en\u00e9 jedn\u00e1n\u00ed)<\/td><\/tr><tr><td><strong>14:00 \u2013 17:00<\/strong><br>Jedn\u00e1n\u00ed KS MAS St\u0159edo\u010desk\u00e9ho kraje<\/td><\/tr><tr><td><strong>14:00 \u2013 15:00<\/strong><br>Jedn\u00e1n\u00ed partnersk\u00e9 organizace Celost\u00e1tn\u00ed s\u00ed\u0165 pro venkov<\/td><\/tr><tr><td>Doprovodn\u00e9 akce: v\u00fdstava \u201eM\u00e1 vlast cestami prom\u011bn\u201c &#8211; na n\u00e1m\u011bst\u00ed M\u00edru, 30 LET SPOLU &#8211; 30 let pr\u00e1ce pro venkov, z&nbsp;historie SPOV \u010cR, v\u00fdstava vybran\u00fdch prac\u00ed d\u011bt\u00ed sout\u011b\u017ee \u201eNamaluj si venkov\u201c \u2013 v\u00fdstavy budou na n\u00e1dvo\u0159\u00ed z\u00e1mku a ve vstupn\u00edch prostor\u00e1ch z\u00e1mku.<\/td><\/tr><tr><td><strong>15:00 \u2013 16:00<\/strong><br>20 let \u010dlenstv\u00ed \u010cR v EU<\/td><\/tr><tr><td><strong>16:00 \u2013 17:00<\/strong><br>Aktu\u00e1ln\u011b k&nbsp;rozvoji venkova z&nbsp;Ministerstva pro m\u00edstn\u00ed rozvoj \u2013 prezentace z\u00e1stupce MMR: Ing. Radim Sr\u0161e\u0148, Ph.D., n\u00e1m\u011bstek ministra<\/td><\/tr><tr><td><strong>19:00 <\/strong><br>Ve\u010der venkova (v prostor\u00e1ch Z\u00e1mku M\u011bln\u00edk)<br>Vystoup\u00ed folklorn\u00ed soubor Jaro\u0161ovci a d\u011btsk\u00fd soubor Jaro\u0161\u00e1\u010dek, ve\u010derem prov\u00e1z\u00ed OffBeat Orchestra M\u011bln\u00edk<\/td><\/tr><\/tbody><\/table><\/figure>\n\n\n\n<hr class=\"wp-block-separator has-alpha-channel-opacity\"\/>\n\n\n\n<div id=\"wp-block-themeisle-blocks-flip-79309b9f\" class=\"wp-block-themeisle-blocks-flip anim flipY has-light-front-bg has-light-back-bg\"><div class=\"o-flip-inner\"><div class=\"o-flip-front\"><div class=\"o-flip-content\"><h3>1. den konference &#8211; 16.10.2024<\/h3><p><\/p><\/div><\/div><div class=\"o-flip-back\">\n<h3 class=\"wp-block-heading\"><\/h3>\n\n\n\n<p>Prvn\u00ed den konference bude cel\u00e1 konference ofici\u00e1ln\u011b zah\u00e1jena, na co\u017e navazuje plen\u00e1rn\u00ed zased\u00e1n\u00ed, jedn\u00e1n\u00ed pracovn\u00edch skupin, v\u00fdjezdn\u00ed exkurze. Cel\u00fd den bude zakon\u010den spole\u010densk\u00fdm ve\u010derem.<\/p>\n\n\n\n<div class=\"wp-block-buttons is-content-justification-center is-layout-flex wp-container-core-buttons-is-layout-a89b3969 wp-block-buttons-is-layout-flex\"><\/div>\n<\/div><\/div><\/div>\n\n\n\n<div style=\"height:29px\" aria-hidden=\"true\" class=\"wp-block-spacer\"><\/div>\n\n\n\n<figure class=\"wp-block-table\"><table><tbody><tr><td><strong>8:00-9:00<\/strong><br>Registrace \u00fa\u010dastn\u00edk\u016f<\/td><\/tr><tr><td><strong><strong>8:00-10:00<\/strong><\/strong><br>Prezentace m\u00edstn\u00edch produkt\u016f<\/td><\/tr><tr><td><strong>8:00-11:00<\/strong><br>Pr\u016fb\u011b\u017en\u00fd coffee-break<\/td><\/tr><tr><td><strong>9:00-9:30<\/strong><br>Zah\u00e1jen\u00ed konference<\/td><\/tr><tr><td><strong>9:30-10:40<\/strong><br>Plen\u00e1rn\u00ed zased\u00e1n\u00ed<br>&#8211; Zachov\u00e1n\u00ed diverzity krajiny a vyu\u017eit\u00ed obnoviteln\u00fdch zdroj\u016f&nbsp;energie; Nov\u00e9 trendy SZP &#8211; Agrolesnictv\u00ed<br>&#8211; Podpora kr\u00e1tk\u00fdch dodavatelsk\u00fdch \u0159et\u011bzc\u016f<br>&#8211; Uplatn\u011bn\u00ed zem\u011bd\u011blsk\u00e9 produkce v r\u00e1mci kr\u00e1tk\u00fdch dodavatelsk\u00fdch&nbsp;\u0159et\u011bzc\u016f<br>&#8211; Zachov\u00e1n\u00ed tradic venkova, atraktivita venkovsk\u00e9ho prostoru a propojen\u00ed&nbsp;s&nbsp;modern\u00edmi trendy v&nbsp;r\u00e1mci \u010desk\u00e9ho zem\u011bd\u011blstv\u00ed a rozvoje&nbsp;venkova<br>&#8211; Na\u0161e krajina pro budoucnost<\/td><\/tr><tr><td><strong>10:40\u201312:00<\/strong><br>Pracovn\u00ed skupiny<br>&#8211; Zachov\u00e1n\u00ed diverzity krajiny a vyu\u017eit\u00ed zdroj\u016f energie<br>&#8211; Podpora kr\u00e1tk\u00fdch dodavatelsk\u00fdch \u0159et\u011bzc\u016f<br>&#8211; Zachov\u00e1n\u00ed tradic venkova<br>&#8211; Na\u0161e krajina pro budoucnost<\/td><\/tr><tr><td><strong>12:00\u201313:00<\/strong><br>Ob\u011bd<\/td><\/tr><tr><td><strong>13:15\u201317:30<\/strong><br>Exkurze ve 4 t\u00e9matech<br>&#8211; <strong>Zachov\u00e1n\u00ed diverzity krajiny a vyu\u017eit\u00ed obnoviteln\u00fdch energie<\/strong> (d\u00e9lka trasy 65 km)<br>&nbsp;&nbsp;&nbsp;&nbsp;&nbsp;&nbsp;&nbsp;&nbsp;&nbsp;&nbsp;&nbsp;&nbsp;&nbsp;Mgr. Miroslav Prokop, krajsk\u00fd koordin\u00e1tor CSV<br>&nbsp;&nbsp;&nbsp;&nbsp;&nbsp;&nbsp;&nbsp;&nbsp;&nbsp;&nbsp;&nbsp;&nbsp;&nbsp;Dub\u00e1 \u2013 n\u00e1v\u0161t\u011bva V\u011bdecko \u2013 technologick\u00e9ho parku, (prototyp&nbsp;<br>&nbsp;&nbsp;&nbsp;&nbsp;&nbsp;&nbsp;&nbsp;&nbsp;&nbsp;&nbsp;&nbsp;&nbsp;&nbsp;sv\u011btov\u011b unik\u00e1tn\u00edho reaktoru pro plazmov\u00e9 zply\u0148ov\u00e1n\u00ed odpadu&nbsp;<br>&nbsp;&nbsp;&nbsp;&nbsp;&nbsp;&nbsp;&nbsp;&nbsp;&nbsp;&nbsp;&nbsp;&nbsp;&nbsp;nainstalovan\u00fd ve v\u011bdeck\u00e9m parku)<br>&nbsp;<br>&nbsp;&nbsp;&nbsp;&nbsp;&nbsp;&nbsp;&nbsp;&nbsp;&nbsp;&nbsp;&nbsp;&nbsp;&nbsp;Lib\u011bchov, revitalizace centra m\u011bsta, n\u00e1v\u0161t\u011bva komplexu Ra\u0161\u00ednek&nbsp;<br>&nbsp;&nbsp;&nbsp;&nbsp;&nbsp;&nbsp;&nbsp;&nbsp;&nbsp;&nbsp;&nbsp;&nbsp;&nbsp;s&nbsp;unik\u00e1tn\u00edm v\u010del\u00ednem.<br><em>&nbsp;&nbsp;&nbsp;&nbsp;&nbsp;&nbsp;&nbsp;&nbsp;&nbsp;&nbsp;&nbsp;&nbsp;&nbsp;&nbsp;&nbsp;\u201eRevitalizace centra m\u011bsta Lib\u011bchov\u201c&nbsp;<\/em><br><em>&nbsp;&nbsp;&nbsp;&nbsp;&nbsp;&nbsp;&nbsp;&nbsp;&nbsp;&nbsp;&nbsp;&nbsp;&nbsp;&nbsp;&nbsp;<\/em><br>&nbsp;&nbsp;&nbsp;&nbsp;&nbsp;&nbsp;&nbsp;&nbsp;&nbsp;&nbsp;&nbsp;&nbsp;&nbsp;&nbsp;&nbsp;Je\u0161ovice, pozemkov\u00e9 \u00fapravy a spole\u010dn\u00e1 za\u0159\u00edzen\u00ed<br>&nbsp;<br>&nbsp;&nbsp;&nbsp;&nbsp;&nbsp;&nbsp;&nbsp;&nbsp;&nbsp;&nbsp;&nbsp;&nbsp;&nbsp;&nbsp;Bettina Lobkowicz \u2013 Vina\u0159stv\u00ed<br>&nbsp;&nbsp;&nbsp;&nbsp;&nbsp;&nbsp;&nbsp;&nbsp;&nbsp;&nbsp;&nbsp;&nbsp;&nbsp;&nbsp;<em>\u201ePo\u0159\u00edzen\u00ed kryomacera\u010dn\u00ed n\u00e1doby\u201c&nbsp;<\/em><br>&#8211; <strong>Podpora kr\u00e1tk\u00fdch dodavatelsk\u00fdch \u0159et\u011bzc\u016f<\/strong> (d\u00e9lka trasy 42 km)<br>&nbsp;&nbsp;&nbsp;&nbsp;&nbsp;&nbsp;&nbsp;&nbsp;&nbsp;&nbsp;&nbsp;&nbsp;&nbsp;&nbsp;PhDr. Marcela P\u00e1nkov\u00e1, Ph.D., Mana\u017eer MAS Vyhl\u00eddky<br><em>&nbsp;&nbsp;&nbsp;&nbsp;&nbsp;&nbsp;&nbsp;&nbsp;&nbsp;&nbsp;&nbsp;<\/em><br><em>&nbsp;&nbsp;&nbsp;&nbsp;&nbsp;&nbsp;&nbsp;&nbsp;&nbsp;&nbsp;&nbsp;&nbsp;&nbsp;&nbsp;<\/em>Obec C\u00edtov, Vesnice St\u0159edo\u010desk\u00e9ho kraje roku 2018<br>&nbsp;<br>&nbsp;&nbsp;&nbsp;&nbsp;&nbsp;&nbsp;&nbsp;&nbsp;&nbsp;&nbsp;&nbsp;&nbsp;&nbsp;&nbsp;Zem\u011bd\u011blsk\u00e1 C\u00edtov, a.s. \u2013 automat na prodej vajec<br>&nbsp;&nbsp;&nbsp;&nbsp;&nbsp;&nbsp;&nbsp;&nbsp;&nbsp;&nbsp;&nbsp;&nbsp;&nbsp;<em>\u201eModernizace farmy\u201c , \u201eDostupn\u00e1 vejce\u201c&nbsp;&nbsp;&nbsp;<\/em><br><em>&nbsp;&nbsp;&nbsp;&nbsp;&nbsp;&nbsp;&nbsp;&nbsp;&nbsp;&nbsp;&nbsp;&nbsp;<\/em><br><em>&nbsp;&nbsp;&nbsp;&nbsp;&nbsp;&nbsp;&nbsp;&nbsp;&nbsp;&nbsp;&nbsp;&nbsp;&nbsp;&nbsp;&nbsp;<\/em>Led\u010dice, Vesnice St\u0159edo\u010desk\u00e9ho kraje roku 2023<br><em>&nbsp;&nbsp;&nbsp;&nbsp;&nbsp;&nbsp;&nbsp;&nbsp;&nbsp;&nbsp;&nbsp;&nbsp;&nbsp;&nbsp;\u201eProtierozn\u00ed opat\u0159en\u00ed Led\u010dice\u201c<\/em><br><em>&nbsp;&nbsp;&nbsp;&nbsp;&nbsp;&nbsp;&nbsp;&nbsp;&nbsp;&nbsp;&nbsp;&nbsp;&nbsp;&nbsp;<\/em><br><em>&nbsp;&nbsp;&nbsp;&nbsp;&nbsp;&nbsp;&nbsp;&nbsp;&nbsp;&nbsp;&nbsp;&nbsp;&nbsp;&nbsp;<\/em>Rodinn\u00e1 farma Han\u010d, Vra\u0148any&nbsp;&nbsp;&#8211; hospoda\u0159en\u00ed na farm\u011b a&nbsp;<br>&nbsp;&nbsp;&nbsp;&nbsp;&nbsp;&nbsp;&nbsp;&nbsp;&nbsp;&nbsp;&nbsp;&nbsp;&nbsp;&nbsp;zahradnictv\u00ed, modern\u00ed technologie p\u011bstov\u00e1n\u00ed, zpracov\u00e1n\u00ed vlastn\u00edch&nbsp;<br>&nbsp;&nbsp;&nbsp;&nbsp;&nbsp;&nbsp;&nbsp;&nbsp;&nbsp;&nbsp;&nbsp;&nbsp;&nbsp;&nbsp;produkt\u016f a prodej.<br>&#8211; <strong>Zachov\u00e1n\u00ed tradic venkova, atraktivita venkovsk\u00e9ho prostoru a propojen\u00ed&nbsp;s modern\u00edmi trendy v&nbsp;r\u00e1mci \u010desk\u00e9ho zem\u011bd\u011blstv\u00ed a rozvoje&nbsp;venkova<\/strong> (d\u00e9lka trasy 55 km)<br>&nbsp;&nbsp;&nbsp;&nbsp;&nbsp;&nbsp;&nbsp;&nbsp;&nbsp;&nbsp;&nbsp;&nbsp;Mgr. Galina \u010cerm\u00e1kov\u00e1, vedouc\u00ed pracovn\u00edk MAS Vyhl\u00eddky<br>&nbsp;<br>&nbsp;&nbsp;&nbsp;&nbsp;&nbsp;&nbsp;&nbsp;&nbsp;&nbsp;&nbsp;&nbsp;&nbsp;Lobe\u010d n\u00e1v\u0161t\u011bva Parostrojn\u00edho pivovaru \u2013 unik\u00e1tn\u00ed historick\u00e1<br>&nbsp;&nbsp;&nbsp;&nbsp;&nbsp;&nbsp;&nbsp;&nbsp;&nbsp;&nbsp;&nbsp;&nbsp;technick\u00e1 pam\u00e1tka se za\u0159\u00edzen\u00edm z&nbsp;19. stolet\u00ed. V\u00fdroba vlastn\u00edho piva&nbsp;<br>&nbsp;&nbsp;&nbsp;&nbsp;&nbsp;&nbsp;&nbsp;&nbsp;&nbsp;&nbsp;&nbsp;&nbsp;od r.2015.<br>&nbsp;&nbsp;&nbsp;&nbsp;&nbsp;&nbsp;&nbsp;&nbsp;&nbsp;&nbsp;&nbsp;&nbsp;<br>&nbsp;&nbsp;&nbsp;&nbsp;&nbsp;&nbsp;&nbsp;&nbsp;&nbsp;&nbsp;&nbsp;&nbsp;Lobe\u010d, n\u00e1v\u0161t\u011bva Muzea Eduarda \u0160torcha (rom\u00e1ny ze \u017eivota \u201elovc\u016f&nbsp;<br>&nbsp;&nbsp;&nbsp;&nbsp;&nbsp;&nbsp;&nbsp;&nbsp;&nbsp;&nbsp;&nbsp;&nbsp;mamut\u016f\u201c, Lobe\u010dsk\u00e9 muzeum je prvn\u00ed v&nbsp;\u010cR, kter\u00e9 bylo za\u0159azeno do<br>&nbsp;&nbsp;&nbsp;&nbsp;&nbsp;&nbsp;&nbsp;&nbsp;&nbsp;&nbsp;&nbsp;&nbsp;presti\u017en\u00edho evropsk\u00e9ho projektu Museos&nbsp;&nbsp;Vivos a je dopln\u011bno&nbsp;<br>&nbsp;&nbsp;&nbsp;&nbsp;&nbsp;&nbsp;&nbsp;&nbsp;&nbsp;&nbsp;&nbsp;&nbsp;modern\u00ed technologi\u00ed s&nbsp;podporou EU.<br>&nbsp;&nbsp;&nbsp;&nbsp;&nbsp;&nbsp;&nbsp;&nbsp;&nbsp;&nbsp;&nbsp;&nbsp;<em>\u201eMuzeum E. \u0160torcha \u2013 p\u0159\u00edprava prostor obec Lobe\u010d\u201c<\/em><br><em>&nbsp;<\/em><br><em>&nbsp;&nbsp;&nbsp;&nbsp;&nbsp;&nbsp;&nbsp;&nbsp;&nbsp;&nbsp;&nbsp;&nbsp;&nbsp;<\/em>Nos\u00e1lov, Lenka Parusov\u00e1, soukrom\u011b hospoda\u0159\u00edc\u00ed zem\u011bd\u011blec,&nbsp;<br>&nbsp;&nbsp;&nbsp;&nbsp;&nbsp;&nbsp;&nbsp;&nbsp;&nbsp;&nbsp;&nbsp;&nbsp;&nbsp;extenzivn\u00ed chov ovc\u00ed (pastevectv\u00ed ovc\u00ed ohro\u017eovan\u00e9&nbsp;<br>&nbsp;&nbsp;&nbsp;&nbsp;&nbsp;&nbsp;&nbsp;&nbsp;&nbsp;&nbsp;&nbsp;&nbsp;&nbsp;v&nbsp;posledn\u00edch letech \u201estaronov\u00fdm pred\u00e1torem \u2013 vlkem\u201c<br>&nbsp;&nbsp;&nbsp;&nbsp;&nbsp;&nbsp;&nbsp;&nbsp;&nbsp;&nbsp;&nbsp;&nbsp;&nbsp;<em>\u201eObloukov\u00e1 hala Nos\u00e1lov\u201c (hala no\u010dn\u00ed ust\u00e1jen\u00ed a ohradn\u00edk pro ovce)<\/em><br><em>&nbsp;&nbsp;&nbsp;&nbsp;&nbsp;&nbsp;&nbsp;&nbsp;&nbsp;&nbsp;&nbsp;&nbsp;&nbsp;&nbsp;<\/em><br><em>&nbsp;&nbsp;&nbsp;&nbsp;&nbsp;&nbsp;&nbsp;&nbsp;&nbsp;&nbsp;&nbsp;&nbsp;&nbsp;&nbsp;<\/em>Vina\u0159stv\u00ed Kraus, Vil\u00e9m Kraus M\u011bln\u00edk<br>&nbsp;&nbsp;&nbsp;&nbsp;&nbsp;&nbsp;&nbsp;&nbsp;&nbsp;&nbsp;&nbsp;&nbsp;&nbsp;&nbsp;<em>\u201eModernizace zpracovatelsk\u00e9ho provozu\u201c&nbsp;<\/em><br><em>&nbsp;&nbsp;&nbsp;&nbsp;&nbsp;&nbsp;&nbsp;&nbsp;&nbsp;&nbsp;&nbsp;&nbsp;&nbsp;&nbsp;<\/em><br><em>&nbsp;&nbsp;&nbsp;&nbsp;&nbsp;&nbsp;&nbsp;&nbsp;&nbsp;&nbsp;&nbsp;&nbsp;&nbsp;&nbsp;&nbsp;\u201ePo\u0159\u00edzen\u00ed modern\u00edho ost\u0159ikova\u010de s&nbsp;vy\u0161\u0161\u00ed efektivitou post\u0159iku,&nbsp;<\/em><br><em>&nbsp;&nbsp;&nbsp;&nbsp;&nbsp;&nbsp;&nbsp;&nbsp;&nbsp;&nbsp;&nbsp;&nbsp;&nbsp;&nbsp;&nbsp;\u0161etrn\u011bj\u0161\u00ed p\u0159i utu\u017een\u00ed p\u016fdy\u201c&nbsp;<\/em><br>&#8211; <strong>Na\u0161e krajina pro budoucnost<\/strong> (d\u00e9lka trasy 46 km)<br>&nbsp;&nbsp;&nbsp;&nbsp;&nbsp;&nbsp;&nbsp;&nbsp;&nbsp;&nbsp;&nbsp;&nbsp;&nbsp;&nbsp;Ing. Jarmila Smotlachov\u00e1, starostka obce Hlavenec, sen\u00e1torka,<br>&nbsp;&nbsp;&nbsp;&nbsp;&nbsp;&nbsp;&nbsp;&nbsp;&nbsp;&nbsp;&nbsp;&nbsp;&nbsp;&nbsp;p\u0159edsedkyn\u011b&nbsp;&nbsp;SPOV SK<br>&nbsp;<br>&nbsp;&nbsp;&nbsp;&nbsp;&nbsp;&nbsp;&nbsp;&nbsp;&nbsp;&nbsp;&nbsp;&nbsp;&nbsp;&nbsp;Obec Choru\u0161ice, v\u00edt\u011bz Zelen\u00e9 stuhy \u010cR v&nbsp;sout\u011b\u017ei Vesnice roku&nbsp;<br>&nbsp;&nbsp;&nbsp;&nbsp;&nbsp;&nbsp;&nbsp;&nbsp;&nbsp;&nbsp;&nbsp;&nbsp;&nbsp;&nbsp;2023 za p\u0159\u00edkladnou p\u00e9\u010di o zele\u0148&nbsp;<br>&nbsp;&nbsp;&nbsp;&nbsp;&nbsp;&nbsp;&nbsp;&nbsp;&nbsp;&nbsp;&nbsp;&nbsp;&nbsp;&nbsp;&#8211; poldr, obnova historick\u00fdch odr\u016fd ovocn\u00fdch strom\u016f. V&nbsp;obdob\u00ed&nbsp;<br>&nbsp;&nbsp;&nbsp;&nbsp;&nbsp;&nbsp;&nbsp;&nbsp;&nbsp;&nbsp;&nbsp;&nbsp;&nbsp;&nbsp;2014 \u2013 2020 8 realizovan\u00fdch projekt\u016f PRV souvisej\u00edc\u00edch&nbsp;<br>&nbsp;&nbsp;&nbsp;&nbsp;&nbsp;&nbsp;&nbsp;&nbsp;&nbsp;&nbsp;&nbsp;&nbsp;&nbsp;&nbsp;s&nbsp;obnovou a rekonstrukc\u00ed poln\u00edch cest.&nbsp;<br>&nbsp;&nbsp;&nbsp;&nbsp;&nbsp;&nbsp;&nbsp;&nbsp;&nbsp;&nbsp;&nbsp;&nbsp;&nbsp;&nbsp;Skv\u011ble rekonstruovan\u00e1 budova b\u00fdval\u00e9 elektr\u00e1rny, nyn\u00ed obecn\u00ed&nbsp;<br>&nbsp;&nbsp;&nbsp;&nbsp;&nbsp;&nbsp;&nbsp;&nbsp;&nbsp;&nbsp;&nbsp;&nbsp;&nbsp;&nbsp;\u00fa\u0159ad.<br>&nbsp;&nbsp;&nbsp;&nbsp;&nbsp;&nbsp;&nbsp;&nbsp;&nbsp;&nbsp;&nbsp;&nbsp;&nbsp;&nbsp;<em>\u201eCelkov\u00e1 obnova v\u00fdklenkov\u00e9 kaple v&nbsp;Choru\u0161ic\u00edch\u201c&nbsp;<\/em><br><em>&nbsp;&nbsp;&nbsp;&nbsp;&nbsp;&nbsp;&nbsp;&nbsp;&nbsp;&nbsp;&nbsp;&nbsp;&nbsp;&nbsp;&nbsp;<\/em>1.Zem\u011bd\u011blsk\u00e1 Choru\u0161ice a.s. \u2013 podpora v\u00fdsadby ovocn\u00fdch strom\u016f<br>&nbsp;&nbsp;&nbsp;&nbsp;&nbsp;&nbsp;&nbsp;&nbsp;&nbsp;&nbsp;&nbsp;&nbsp;&nbsp;&nbsp;&nbsp;pod\u00e9l cest a stezek edukativn\u00ed akce pro ve\u0159ejnost s&nbsp;c\u00edlem p\u0159ibl\u00ed\u017eit&nbsp;<br>&nbsp;&nbsp;&nbsp;&nbsp;&nbsp;&nbsp;&nbsp;&nbsp;&nbsp;&nbsp;&nbsp;&nbsp;&nbsp;&nbsp;&nbsp;zem\u011bd\u011blstv\u00ed ve\u0159ejnosti, mal\u00e1 expozice zem\u011bd\u011blstv\u00ed uvnit\u0159&nbsp;<br>&nbsp;&nbsp;&nbsp;&nbsp;&nbsp;&nbsp;&nbsp;&nbsp;&nbsp;&nbsp;&nbsp;&nbsp;&nbsp;&nbsp;&nbsp;spole\u010dnosti.<br>&nbsp;<br>&nbsp;&nbsp;&nbsp;&nbsp;&nbsp;&nbsp;&nbsp;&nbsp;&nbsp;&nbsp;&nbsp;&nbsp;&nbsp;&nbsp;&nbsp;Mal\u00fd \u00dajezd&nbsp;&nbsp;&#8211;&nbsp;\u201e<em>poln\u00ed cesta, odvod\u0148ovac\u00ed prvky poln\u00ed cesty\u201c<\/em><br>&nbsp;&nbsp;&nbsp;&nbsp;&nbsp;&nbsp;&nbsp;&nbsp;&nbsp;&nbsp;&nbsp;&nbsp;&nbsp;&nbsp;&nbsp;<br>&nbsp;&nbsp;&nbsp;&nbsp;&nbsp;&nbsp;&nbsp;&nbsp;&nbsp;&nbsp;&nbsp;&nbsp;&nbsp;&nbsp;&nbsp;\u010cesk\u00e1 zahradnick\u00e1 akademie M\u011bln\u00edk \u2013 komentovan\u00e1 prohl\u00eddka<br>&nbsp;&nbsp;&nbsp;&nbsp;&nbsp;&nbsp;&nbsp;&nbsp;&nbsp;&nbsp;&nbsp;&nbsp;&nbsp;&nbsp;&nbsp;parku, proch\u00e1zka po are\u00e1lu, uk\u00e1zky prac\u00ed student\u016f v&nbsp;aule \u0161koly,&nbsp;<br>&nbsp;&nbsp;&nbsp;&nbsp;&nbsp;&nbsp;&nbsp;&nbsp;&nbsp;&nbsp;&nbsp;&nbsp;&nbsp;&nbsp;&nbsp;zpracov\u00e1n\u00ed hrozn\u016f.<\/td><\/tr><tr><td><strong>19:00-19:30<\/strong><br>Zah\u00e1jen\u00ed spole\u010densk\u00e9ho ve\u010dera<\/td><\/tr><tr><td><strong>19:00-24:00<\/strong><br>Spole\u010densk\u00fd ve\u010der (v prostor\u00e1ch Z\u00e1mku M\u011bln\u00edk)<br>Degustace v\u00edn v z\u00e1meck\u00e9m sklep\u011b (degustace je omezena na celkem 40 lid\u00ed)<br>&#8211; 1. skupina od 19 hod<br>&#8211; 2. skupina od 20 hod.<br>&#8211; 3.skupina od 21 hod<br>Ve\u010derem bude \u00fa\u010dastn\u00edky doprov\u00e1zet hudebn\u00ed produkce a \u0158eznick\u00e1 kapela Velk\u00e9ho dechov\u00e9ho orchestru M\u011bln\u00edk<br>Diskot\u00e9ka ve vin\u00e1rn\u011b<\/td><\/tr><\/tbody><\/table><\/figure>\n\n\n\n<hr class=\"wp-block-separator has-alpha-channel-opacity\"\/>\n\n\n\n<div id=\"wp-block-themeisle-blocks-flip-4e629b7e\" class=\"wp-block-themeisle-blocks-flip anim flipY has-light-front-bg has-light-back-bg\"><div class=\"o-flip-inner\"><div class=\"o-flip-front\"><div class=\"o-flip-content\"><h3>2. den konference &#8211; 17.10.2024<\/h3><p><\/p><\/div><\/div><div class=\"o-flip-back\">\n<h3 class=\"wp-block-heading\"><\/h3>\n\n\n\n<p>Druh\u00fd a z\u00e1rove\u0148 posledn\u00ed den konference bude ve znamen\u00ed formulace z\u00e1v\u011br\u016f, jejich prezentace a hlasov\u00e1n\u00ed. Cel\u00fd den a konference bude zakon\u010dena spole\u010dn\u00fdm ob\u011bdem.<\/p>\n\n\n\n<div class=\"wp-block-buttons is-content-justification-center is-layout-flex wp-container-core-buttons-is-layout-a89b3969 wp-block-buttons-is-layout-flex\"><\/div>\n<\/div><\/div><\/div>\n\n\n\n<div style=\"height:29px\" aria-hidden=\"true\" class=\"wp-block-spacer\"><\/div>\n\n\n\n<figure class=\"wp-block-table\"><table><tbody><tr><td><strong>7:00-9:00<\/strong><br>Sn\u00eddan\u011b pro ubytovan\u00e9<\/td><\/tr><tr><td><strong><strong>8:00-9:00<\/strong><\/strong><br>Registrace \u00fa\u010dastn\u00edk\u016f<\/td><\/tr><tr><td><strong>9:00-9:30<\/strong><br>Plen\u00e1rn\u00ed zased\u00e1n\u00ed \u2013 refer\u00e1ty o pr\u016fb\u011bhu exkurz\u00ed, shrnut\u00ed exkurz\u00ed ve 4 t\u00e9matech<\/td><\/tr><tr><td><strong>9:30-10:30<\/strong><br>Tematick\u00e9 pracovn\u00ed skupiny (workshopy) ve 4 t\u00e9matech<\/td><\/tr><tr><td><strong>10:30-11:00<\/strong><br>Plen\u00e1rn\u00ed zased\u00e1n\u00ed \u2013 prezentace z\u00e1v\u011br\u016f 4 t\u00e9mat, p\u0159\u00edprava hlasov\u00e1n\u00ed<\/td><\/tr><tr><td><strong>11:00\u201311:30<\/strong><br>On-line hlasov\u00e1n\u00ed k&nbsp;formulovan\u00fdm z\u00e1v\u011br\u016fm konference<\/td><\/tr><tr><td><strong>11:00\u201311:40<\/strong><br>Vystoupen\u00ed Ing. Josefa Tabery, \u0159editele Odboru \u0158\u00edd\u00edc\u00ed org\u00e1n rozvoje venkova<br>\u201eNovinky Strategick\u00e9ho pl\u00e1nu SZP na rok 2025, implementace metody LEADER\u201c<\/td><\/tr><tr><td><strong>11:45\u201312:00<\/strong><br>Plen\u00e1rn\u00ed zased\u00e1n\u00ed \u2013 shrnut\u00ed workshop\u016f a v\u00fdstup\u016f konference, v\u00fdsledky hlasov\u00e1n\u00ed<\/td><\/tr><tr><td><strong>12:00-12:30<\/strong><br>Z\u00e1v\u011bre\u010dn\u00e9 shrnut\u00ed konference, z\u00e1v\u011bry konference<\/td><\/tr><tr><td><strong>12:30-14:00<\/strong><br>Ob\u011bd<\/td><\/tr><\/tbody><\/table><\/figure>\n","protected":false},"excerpt":{"rendered":"<p>Od 12:00 hod&nbsp;Registrace \u00fa\u010dastn\u00edk\u016f&nbsp;u vstupu z n\u00e1dvo\u0159\u00ed do Z\u00e1mku M\u011bln\u00edk 15:00-18:00Jedn\u00e1n\u00ed \u00fazemn\u00edch partner\u016f 14:00-15:00Sch\u016fze p\u0159edsednictva SPOV \u010cR (roz\u0161\u00ed\u0159en\u00e9 jedn\u00e1n\u00ed) 14:00 \u2013 17:00Jedn\u00e1n\u00ed KS MAS St\u0159edo\u010desk\u00e9ho kraje 14:00 \u2013 15:00Jedn\u00e1n\u00ed partnersk\u00e9 organizace Celost\u00e1tn\u00ed s\u00ed\u0165 pro venkov Doprovodn\u00e9 akce: v\u00fdstava \u201eM\u00e1 vlast cestami prom\u011bn\u201c &#8211; na n\u00e1m\u011bst\u00ed M\u00edru, 30 LET SPOLU &#8211; 30 let pr\u00e1ce pro venkov, [&hellip;]<\/p>\n","protected":false},"author":1,"featured_media":0,"parent":0,"menu_order":0,"comment_status":"closed","ping_status":"closed","template":"","meta":{"_themeisle_gutenberg_block_has_review":false,"footnotes":""},"class_list":["post-40","page","type-page","status-publish","hentry"],"_links":{"self":[{"href":"https:\/\/2024.konferencevenkov.cz\/index.php\/wp-json\/wp\/v2\/pages\/40","targetHints":{"allow":["GET"]}}],"collection":[{"href":"https:\/\/2024.konferencevenkov.cz\/index.php\/wp-json\/wp\/v2\/pages"}],"about":[{"href":"https:\/\/2024.konferencevenkov.cz\/index.php\/wp-json\/wp\/v2\/types\/page"}],"author":[{"embeddable":true,"href":"https:\/\/2024.konferencevenkov.cz\/index.php\/wp-json\/wp\/v2\/users\/1"}],"replies":[{"embeddable":true,"href":"https:\/\/2024.konferencevenkov.cz\/index.php\/wp-json\/wp\/v2\/comments?post=40"}],"version-history":[{"count":30,"href":"https:\/\/2024.konferencevenkov.cz\/index.php\/wp-json\/wp\/v2\/pages\/40\/revisions"}],"predecessor-version":[{"id":341,"href":"https:\/\/2024.konferencevenkov.cz\/index.php\/wp-json\/wp\/v2\/pages\/40\/revisions\/341"}],"wp:attachment":[{"href":"https:\/\/2024.konferencevenkov.cz\/index.php\/wp-json\/wp\/v2\/media?parent=40"}],"curies":[{"name":"wp","href":"https:\/\/api.w.org\/{rel}","templated":true}]}}